{"id":3,"date":"2024-07-14T09:50:30","date_gmt":"2024-07-14T07:50:30","guid":{"rendered":"http:\/\/immo.mongopatrimoine.com\/?page_id=3"},"modified":"2024-07-27T13:30:39","modified_gmt":"2024-07-27T11:30:39","slug":"politique-de-confidentialite","status":"publish","type":"page","link":"https:\/\/immo.mongopatrimoine.com\/en\/privacy-policy\/","title":{"rendered":"Privacy policy"},"content":{"rendered":"<div data-elementor-type=\"wp-page\" data-elementor-id=\"3\" class=\"elementor elementor-3\" data-elementor-post-type=\"page\">\n\t\t\t\t<div class=\"elementor-element elementor-element-35f1a4c3 e-flex e-con-boxed e-con e-parent\" data-id=\"35f1a4c3\" data-element_type=\"container\">\n\t\t\t\t\t<div class=\"e-con-inner\">\n\t\t\t\t<div class=\"elementor-element elementor-element-64dd7614 elementor-widget elementor-widget-text-editor\" data-id=\"64dd7614\" data-element_type=\"widget\" data-widget_type=\"text-editor.default\">\n\t\t\t\t<div class=\"elementor-widget-container\">\n\t\t\t\t\t\t\t\t\t\n<h3 class=\"wp-block-heading\" style=\"text-align: center;\"><strong>Last update : 25\/07\/2024<\/strong><\/h3>\n<p>At MONGO HERITAGE (\"we\", \"us\" or \"our\"), we are committed to protecting and respecting your privacy. This privacy policy explains how we collect, use, disclose and protect your personal information when you visit our website. <a href=\"https:\/\/immo.mongopatrimoine.com\/en\/\" target=\"_blank\" rel=\"noopener\">MONGO PATRIMOINE IMMO<\/a><\/p>\n<h2><strong>1. Information we collect<\/strong><\/h2>\n<p>We may collect and process the following types of data:<\/p>\n<ul>\n<li><strong>Information you provide<\/strong> This includes information provided by filling in forms on our site, registering for our services, posting advertisements or contacting us.<\/li>\n<li><strong>Information we collect automatically<\/strong> When you visit our site, we may automatically collect information about your device and your browsing via cookies and similar technologies.<\/li>\n<li><strong>Information from third parties<\/strong> We may receive information about you if you use other websites we operate or other services we provide.<\/li>\n<\/ul>\n<h2><strong>2. Use of information<\/strong><\/h2>\n<p>We use the information we collect to :<\/p>\n<ul>\n<li>To provide, operate, maintain and improve our services.<\/li>\n<li>To personalise your experience on our site.<\/li>\n<li>To send you marketing and promotional communications.<\/li>\n<li>Respond to your requests, questions and comments.<\/li>\n<li>Comply with our legal and regulatory obligations.<\/li>\n<\/ul>\n<h2><strong>3. Sharing information<\/strong><\/h2>\n<p>We may share your information with :<\/p>\n<ul>\n<li>Our subsidiaries and affiliates.<\/li>\n<li>Third-party service providers who assist us in our operations.<\/li>\n<li>Judicial or regulatory authorities if required by law.<\/li>\n<\/ul>\n<h2><strong>4. Information security<\/strong><\/h2>\n<p>We implement security measures to protect your personal information from unauthorised access, use or disclosure.<\/p>\n<h2><strong>5. Your rights<\/strong><\/h2>\n<p>You have the right to :<\/p>\n<ul>\n<li>Access your personal information.<\/li>\n<li>Request correction of your personal information.<\/li>\n<li>Request the deletion of your personal information.<\/li>\n<li>Oppose the processing of your personal data.<\/li>\n<\/ul>\n<p>To exercise these rights, please contact us at [contact email address].<\/p>\n<h2><strong>6. Changes to this policy<\/strong><\/h2>\n<p>We may update this Privacy Policy from time to time. We will notify you of any changes by posting the new policy on our site.<\/p>\n<h2><strong>7. Contact us<\/strong><\/h2>\n<p>If you have any questions about this privacy policy, please contact us at contact@mongopatrimoine.com .<\/p>\t\t\t\t\t\t\t\t<\/div>\n\t\t\t\t<\/div>\n\t\t\t\t\t<\/div>\n\t\t\t\t<\/div>\n\t\t\t\t<\/div>","protected":false},"excerpt":{"rendered":"<p>Derni\u00e8re mise \u00e0 jour : 25\/07\/2024 Chez MONGO PATRIMOINE (\u00ab\u00a0nous\u00a0\u00bb, \u00ab\u00a0notre\u00a0\u00bb ou \u00ab\u00a0nos\u00a0\u00bb), nous nous engageons \u00e0 prot\u00e9ger et \u00e0 respecter votre vie priv\u00e9e. Cette politique de confidentialit\u00e9 explique comment nous collectons, utilisons, divulguons et prot\u00e9geons vos informations personnelles lorsque vous visitez notre site Web MONGO PATRIMOINE IMMO 1. Informations que nous collectons Nous pouvons&#8230;<\/p>","protected":false},"author":1,"featured_media":0,"parent":0,"menu_order":0,"comment_status":"closed","ping_status":"open","template":"","meta":{"footnotes":""},"class_list":["post-3","page","type-page","status-publish","hentry"],"_links":{"self":[{"href":"https:\/\/immo.mongopatrimoine.com\/en\/wp-json\/wp\/v2\/pages\/3","targetHints":{"allow":["GET"]}}],"collection":[{"href":"https:\/\/immo.mongopatrimoine.com\/en\/wp-json\/wp\/v2\/pages"}],"about":[{"href":"https:\/\/immo.mongopatrimoine.com\/en\/wp-json\/wp\/v2\/types\/page"}],"author":[{"embeddable":true,"href":"https:\/\/immo.mongopatrimoine.com\/en\/wp-json\/wp\/v2\/users\/1"}],"replies":[{"embeddable":true,"href":"https:\/\/immo.mongopatrimoine.com\/en\/wp-json\/wp\/v2\/comments?post=3"}],"version-history":[{"count":22,"href":"https:\/\/immo.mongopatrimoine.com\/en\/wp-json\/wp\/v2\/pages\/3\/revisions"}],"predecessor-version":[{"id":4941,"href":"https:\/\/immo.mongopatrimoine.com\/en\/wp-json\/wp\/v2\/pages\/3\/revisions\/4941"}],"wp:attachment":[{"href":"https:\/\/immo.mongopatrimoine.com\/en\/wp-json\/wp\/v2\/media?parent=3"}],"curies":[{"name":"wp","href":"https:\/\/api.w.org\/{rel}","templated":true}]}}